{"id":990,"date":"2020-12-12T12:34:53","date_gmt":"2020-12-12T11:34:53","guid":{"rendered":"https:\/\/www.i-bloks.com\/?page_id=990"},"modified":"2020-12-12T12:34:53","modified_gmt":"2020-12-12T11:34:53","slug":"service","status":"publish","type":"page","link":"https:\/\/www.i-bloks.com\/de\/service\/","title":{"rendered":"Service"},"content":{"rendered":"<p><strong>Unsere Service<\/strong><\/p>\n<p>Funktioniert das von Wagaparts gelieferte Produkt nicht? Wir versuchen Ihnen dabei telefonisch zu helfen. Die telefonische Unterst\u00fctzung ist in der Regel ausreichend. Wenn wir zu dem Schluss kommen, dass das Ger\u00e4t nach telefonischer R\u00fccksprache zur\u00fcckgegeben werden muss, werden wir es in unserer Werkstatt reparieren. Wenn Sie unseren Techniker einsetzen m\u00f6chten, ist dies in einem Umkreis von 70 Minuten um Deurne m\u00f6glich.<\/p>\n<p><strong>HINWEIS:<\/strong> Ein Techniker ist nicht immer frei. Wenn das Produkt nicht ordnungsgem\u00e4\u00df angeschlossen ist, f\u00e4llt es nicht unter die Garantie und ist daher nicht kostenlos. Wenn das Produkt tats\u00e4chlich defekt ist, stellen wir ein Ersatzger\u00e4t zur Verf\u00fcgung und tauschen es um. Letzteres bedeutet nicht, dass wir es auch zerlegen und wieder zusammenbauen, das h\u00e4ngt von der Situation ab. Ein Beispiel hierf\u00fcr: Wenn das Ger\u00e4t in einem daf\u00fcr nicht geeigneten Raum installiert wird, wird es nicht ersetzt. Wenn ein Ger\u00e4t nicht gem\u00e4\u00df den Anforderungen angeschlossen ist, wird es nicht ersetzt. Es gibt mehrere Beispiele.<\/p>\n","protected":false},"excerpt":{"rendered":"<p>Unsere Service Funktioniert das von Wagaparts gelieferte Produkt nicht? Wir versuchen Ihnen dabei telefonisch zu helfen. Die telefonische Unterst\u00fctzung ist in der Regel ausreichend. Wenn wir zu dem Schluss kommen, dass das Ger\u00e4t nach telefonischer R\u00fccksprache zur\u00fcckgegeben werden muss, werden wir es in unserer Werkstatt reparieren. Wenn Sie unseren Techniker einsetzen m\u00f6chten, ist dies in [&hellip;]<\/p>\n","protected":false},"author":2,"featured_media":0,"parent":0,"menu_order":0,"comment_status":"closed","ping_status":"closed","template":"","meta":{"_acf_changed":false,"footnotes":""},"class_list":["post-990","page","type-page","status-publish","hentry"],"acf":[],"yoast_head":"<!-- This site is optimized with the Yoast SEO plugin v27.6 - https:\/\/yoast.com\/product\/yoast-seo-wordpress\/ -->\n<title>Service - i-Bloks<\/title>\n<meta name=\"robots\" content=\"index, follow, max-snippet:-1, max-image-preview:large, max-video-preview:-1\" \/>\n<link rel=\"canonical\" href=\"https:\/\/www.i-bloks.com\/de\/service\/\" \/>\n<meta property=\"og:locale\" content=\"de_DE\" \/>\n<meta property=\"og:type\" content=\"article\" \/>\n<meta property=\"og:title\" content=\"Service - i-Bloks\" \/>\n<meta property=\"og:description\" content=\"Unsere Service Funktioniert das von Wagaparts gelieferte Produkt nicht? Wir versuchen Ihnen dabei telefonisch zu helfen. Die telefonische Unterst\u00fctzung ist in der Regel ausreichend. Wenn wir zu dem Schluss kommen, dass das Ger\u00e4t nach telefonischer R\u00fccksprache zur\u00fcckgegeben werden muss, werden wir es in unserer Werkstatt reparieren. Wenn Sie unseren Techniker einsetzen m\u00f6chten, ist dies in [&hellip;]\" \/>\n<meta property=\"og:url\" content=\"https:\/\/www.i-bloks.com\/de\/service\/\" \/>\n<meta property=\"og:site_name\" content=\"i-Bloks\" \/>\n<meta name=\"twitter:label1\" content=\"Gesch\u00e4tzte Lesezeit\" \/>\n\t<meta name=\"twitter:data1\" content=\"1\u00a0Minute\" \/>\n<script type=\"application\/ld+json\" class=\"yoast-schema-graph\">{\"@context\":\"https:\\\/\\\/schema.org\",\"@graph\":[{\"@type\":\"WebPage\",\"@id\":\"https:\\\/\\\/www.i-bloks.com\\\/de\\\/service\\\/\",\"url\":\"https:\\\/\\\/www.i-bloks.com\\\/de\\\/service\\\/\",\"name\":\"Service - i-Bloks\",\"isPartOf\":{\"@id\":\"https:\\\/\\\/www.i-bloks.com\\\/#website\"},\"datePublished\":\"2020-12-12T11:34:53+00:00\",\"breadcrumb\":{\"@id\":\"https:\\\/\\\/www.i-bloks.com\\\/de\\\/service\\\/#breadcrumb\"},\"inLanguage\":\"de\",\"potentialAction\":[{\"@type\":\"ReadAction\",\"target\":[\"https:\\\/\\\/www.i-bloks.com\\\/de\\\/service\\\/\"]}]},{\"@type\":\"BreadcrumbList\",\"@id\":\"https:\\\/\\\/www.i-bloks.com\\\/de\\\/service\\\/#breadcrumb\",\"itemListElement\":[{\"@type\":\"ListItem\",\"position\":1,\"name\":\"Startseite\",\"item\":\"https:\\\/\\\/www.i-bloks.com\\\/de\\\/\"},{\"@type\":\"ListItem\",\"position\":2,\"name\":\"Service\"}]},{\"@type\":\"WebSite\",\"@id\":\"https:\\\/\\\/www.i-bloks.com\\\/#website\",\"url\":\"https:\\\/\\\/www.i-bloks.com\\\/\",\"name\":\"i-Bloks\",\"description\":\"Mobiele caravankeuring\",\"potentialAction\":[{\"@type\":\"SearchAction\",\"target\":{\"@type\":\"EntryPoint\",\"urlTemplate\":\"https:\\\/\\\/www.i-bloks.com\\\/?s={search_term_string}\"},\"query-input\":{\"@type\":\"PropertyValueSpecification\",\"valueRequired\":true,\"valueName\":\"search_term_string\"}}],\"inLanguage\":\"de\"}]}<\/script>\n<!-- \/ Yoast SEO plugin. -->","yoast_head_json":{"title":"Service - i-Bloks","robots":{"index":"index","follow":"follow","max-snippet":"max-snippet:-1","max-image-preview":"max-image-preview:large","max-video-preview":"max-video-preview:-1"},"canonical":"https:\/\/www.i-bloks.com\/de\/service\/","og_locale":"de_DE","og_type":"article","og_title":"Service - i-Bloks","og_description":"Unsere Service Funktioniert das von Wagaparts gelieferte Produkt nicht? Wir versuchen Ihnen dabei telefonisch zu helfen. Die telefonische Unterst\u00fctzung ist in der Regel ausreichend. Wenn wir zu dem Schluss kommen, dass das Ger\u00e4t nach telefonischer R\u00fccksprache zur\u00fcckgegeben werden muss, werden wir es in unserer Werkstatt reparieren. Wenn Sie unseren Techniker einsetzen m\u00f6chten, ist dies in [&hellip;]","og_url":"https:\/\/www.i-bloks.com\/de\/service\/","og_site_name":"i-Bloks","twitter_misc":{"Gesch\u00e4tzte Lesezeit":"1\u00a0Minute"},"schema":{"@context":"https:\/\/schema.org","@graph":[{"@type":"WebPage","@id":"https:\/\/www.i-bloks.com\/de\/service\/","url":"https:\/\/www.i-bloks.com\/de\/service\/","name":"Service - i-Bloks","isPartOf":{"@id":"https:\/\/www.i-bloks.com\/#website"},"datePublished":"2020-12-12T11:34:53+00:00","breadcrumb":{"@id":"https:\/\/www.i-bloks.com\/de\/service\/#breadcrumb"},"inLanguage":"de","potentialAction":[{"@type":"ReadAction","target":["https:\/\/www.i-bloks.com\/de\/service\/"]}]},{"@type":"BreadcrumbList","@id":"https:\/\/www.i-bloks.com\/de\/service\/#breadcrumb","itemListElement":[{"@type":"ListItem","position":1,"name":"Startseite","item":"https:\/\/www.i-bloks.com\/de\/"},{"@type":"ListItem","position":2,"name":"Service"}]},{"@type":"WebSite","@id":"https:\/\/www.i-bloks.com\/#website","url":"https:\/\/www.i-bloks.com\/","name":"i-Bloks","description":"Mobiele caravankeuring","potentialAction":[{"@type":"SearchAction","target":{"@type":"EntryPoint","urlTemplate":"https:\/\/www.i-bloks.com\/?s={search_term_string}"},"query-input":{"@type":"PropertyValueSpecification","valueRequired":true,"valueName":"search_term_string"}}],"inLanguage":"de"}]}},"_links":{"self":[{"href":"https:\/\/www.i-bloks.com\/de\/wp-json\/wp\/v2\/pages\/990","targetHints":{"allow":["GET"]}}],"collection":[{"href":"https:\/\/www.i-bloks.com\/de\/wp-json\/wp\/v2\/pages"}],"about":[{"href":"https:\/\/www.i-bloks.com\/de\/wp-json\/wp\/v2\/types\/page"}],"author":[{"embeddable":true,"href":"https:\/\/www.i-bloks.com\/de\/wp-json\/wp\/v2\/users\/2"}],"replies":[{"embeddable":true,"href":"https:\/\/www.i-bloks.com\/de\/wp-json\/wp\/v2\/comments?post=990"}],"version-history":[{"count":1,"href":"https:\/\/www.i-bloks.com\/de\/wp-json\/wp\/v2\/pages\/990\/revisions"}],"predecessor-version":[{"id":991,"href":"https:\/\/www.i-bloks.com\/de\/wp-json\/wp\/v2\/pages\/990\/revisions\/991"}],"wp:attachment":[{"href":"https:\/\/www.i-bloks.com\/de\/wp-json\/wp\/v2\/media?parent=990"}],"curies":[{"name":"wp","href":"https:\/\/api.w.org\/{rel}","templated":true}]}}