{"id":992,"date":"2020-12-12T12:37:04","date_gmt":"2020-12-12T11:37:04","guid":{"rendered":"https:\/\/www.i-bloks.com\/?page_id=992"},"modified":"2020-12-12T12:37:04","modified_gmt":"2020-12-12T11:37:04","slug":"tipps","status":"publish","type":"page","link":"https:\/\/www.i-bloks.com\/de\/tipps\/","title":{"rendered":"Tipps"},"content":{"rendered":"<p><u>Tipps<\/u><\/p>\n<p>Hilfreiche Tipps zur Vermeidung von Problemen.<\/p>\n<p>Wenn Sie bei Bol, Amazon, Alibaba usw. kaufen, stellen Sie sicher, dass diese Ger\u00e4te den niederl\u00e4ndischen Gesetzen entsprechen. Diese Websites bieten g\u00fcnstige Ger\u00e4te an, die nicht f\u00fcr den niederl\u00e4ndischen, belgischen und deutschen Markt geeignet sind. Dann ist billig teuer.<\/p>\n<p>Welche Anforderungen muss das Ger\u00e4t gem\u00e4\u00df der niederl\u00e4ndischen Gesetzgebung erf\u00fcllen: CE-Gar-Zertifizierung, ERP und Low Nox. Wenn all dies nicht verf\u00fcgbar ist, d\u00fcrfen sie in den Niederlanden nicht verwendet werden.<\/p>\n","protected":false},"excerpt":{"rendered":"<p>Tipps Hilfreiche Tipps zur Vermeidung von Problemen. Wenn Sie bei Bol, Amazon, Alibaba usw. kaufen, stellen Sie sicher, dass diese Ger\u00e4te den niederl\u00e4ndischen Gesetzen entsprechen. Diese Websites bieten g\u00fcnstige Ger\u00e4te an, die nicht f\u00fcr den niederl\u00e4ndischen, belgischen und deutschen Markt geeignet sind. Dann ist billig teuer. Welche Anforderungen muss das Ger\u00e4t gem\u00e4\u00df der niederl\u00e4ndischen Gesetzgebung [&hellip;]<\/p>\n","protected":false},"author":2,"featured_media":0,"parent":0,"menu_order":0,"comment_status":"closed","ping_status":"closed","template":"","meta":{"_acf_changed":false,"footnotes":""},"class_list":["post-992","page","type-page","status-publish","hentry"],"acf":[],"yoast_head":"<!-- This site is optimized with the Yoast SEO plugin v27.5 - https:\/\/yoast.com\/product\/yoast-seo-wordpress\/ -->\n<title>Tipps - i-Bloks<\/title>\n<meta name=\"robots\" content=\"index, follow, max-snippet:-1, max-image-preview:large, max-video-preview:-1\" \/>\n<link rel=\"canonical\" href=\"https:\/\/www.i-bloks.com\/de\/tipps\/\" \/>\n<meta property=\"og:locale\" content=\"de_DE\" \/>\n<meta property=\"og:type\" content=\"article\" \/>\n<meta property=\"og:title\" content=\"Tipps - i-Bloks\" \/>\n<meta property=\"og:description\" content=\"Tipps Hilfreiche Tipps zur Vermeidung von Problemen. Wenn Sie bei Bol, Amazon, Alibaba usw. kaufen, stellen Sie sicher, dass diese Ger\u00e4te den niederl\u00e4ndischen Gesetzen entsprechen. Diese Websites bieten g\u00fcnstige Ger\u00e4te an, die nicht f\u00fcr den niederl\u00e4ndischen, belgischen und deutschen Markt geeignet sind. Dann ist billig teuer. Welche Anforderungen muss das Ger\u00e4t gem\u00e4\u00df der niederl\u00e4ndischen Gesetzgebung [&hellip;]\" \/>\n<meta property=\"og:url\" content=\"https:\/\/www.i-bloks.com\/de\/tipps\/\" \/>\n<meta property=\"og:site_name\" content=\"i-Bloks\" \/>\n<script type=\"application\/ld+json\" class=\"yoast-schema-graph\">{\"@context\":\"https:\\\/\\\/schema.org\",\"@graph\":[{\"@type\":\"WebPage\",\"@id\":\"https:\\\/\\\/www.i-bloks.com\\\/de\\\/tipps\\\/\",\"url\":\"https:\\\/\\\/www.i-bloks.com\\\/de\\\/tipps\\\/\",\"name\":\"Tipps - i-Bloks\",\"isPartOf\":{\"@id\":\"https:\\\/\\\/www.i-bloks.com\\\/#website\"},\"datePublished\":\"2020-12-12T11:37:04+00:00\",\"breadcrumb\":{\"@id\":\"https:\\\/\\\/www.i-bloks.com\\\/de\\\/tipps\\\/#breadcrumb\"},\"inLanguage\":\"de\",\"potentialAction\":[{\"@type\":\"ReadAction\",\"target\":[\"https:\\\/\\\/www.i-bloks.com\\\/de\\\/tipps\\\/\"]}]},{\"@type\":\"BreadcrumbList\",\"@id\":\"https:\\\/\\\/www.i-bloks.com\\\/de\\\/tipps\\\/#breadcrumb\",\"itemListElement\":[{\"@type\":\"ListItem\",\"position\":1,\"name\":\"Startseite\",\"item\":\"https:\\\/\\\/www.i-bloks.com\\\/de\\\/\"},{\"@type\":\"ListItem\",\"position\":2,\"name\":\"Tipps\"}]},{\"@type\":\"WebSite\",\"@id\":\"https:\\\/\\\/www.i-bloks.com\\\/#website\",\"url\":\"https:\\\/\\\/www.i-bloks.com\\\/\",\"name\":\"i-Bloks\",\"description\":\"Mobiele caravankeuring\",\"potentialAction\":[{\"@type\":\"SearchAction\",\"target\":{\"@type\":\"EntryPoint\",\"urlTemplate\":\"https:\\\/\\\/www.i-bloks.com\\\/?s={search_term_string}\"},\"query-input\":{\"@type\":\"PropertyValueSpecification\",\"valueRequired\":true,\"valueName\":\"search_term_string\"}}],\"inLanguage\":\"de\"}]}<\/script>\n<!-- \/ Yoast SEO plugin. -->","yoast_head_json":{"title":"Tipps - i-Bloks","robots":{"index":"index","follow":"follow","max-snippet":"max-snippet:-1","max-image-preview":"max-image-preview:large","max-video-preview":"max-video-preview:-1"},"canonical":"https:\/\/www.i-bloks.com\/de\/tipps\/","og_locale":"de_DE","og_type":"article","og_title":"Tipps - i-Bloks","og_description":"Tipps Hilfreiche Tipps zur Vermeidung von Problemen. Wenn Sie bei Bol, Amazon, Alibaba usw. kaufen, stellen Sie sicher, dass diese Ger\u00e4te den niederl\u00e4ndischen Gesetzen entsprechen. Diese Websites bieten g\u00fcnstige Ger\u00e4te an, die nicht f\u00fcr den niederl\u00e4ndischen, belgischen und deutschen Markt geeignet sind. Dann ist billig teuer. Welche Anforderungen muss das Ger\u00e4t gem\u00e4\u00df der niederl\u00e4ndischen Gesetzgebung [&hellip;]","og_url":"https:\/\/www.i-bloks.com\/de\/tipps\/","og_site_name":"i-Bloks","schema":{"@context":"https:\/\/schema.org","@graph":[{"@type":"WebPage","@id":"https:\/\/www.i-bloks.com\/de\/tipps\/","url":"https:\/\/www.i-bloks.com\/de\/tipps\/","name":"Tipps - i-Bloks","isPartOf":{"@id":"https:\/\/www.i-bloks.com\/#website"},"datePublished":"2020-12-12T11:37:04+00:00","breadcrumb":{"@id":"https:\/\/www.i-bloks.com\/de\/tipps\/#breadcrumb"},"inLanguage":"de","potentialAction":[{"@type":"ReadAction","target":["https:\/\/www.i-bloks.com\/de\/tipps\/"]}]},{"@type":"BreadcrumbList","@id":"https:\/\/www.i-bloks.com\/de\/tipps\/#breadcrumb","itemListElement":[{"@type":"ListItem","position":1,"name":"Startseite","item":"https:\/\/www.i-bloks.com\/de\/"},{"@type":"ListItem","position":2,"name":"Tipps"}]},{"@type":"WebSite","@id":"https:\/\/www.i-bloks.com\/#website","url":"https:\/\/www.i-bloks.com\/","name":"i-Bloks","description":"Mobiele caravankeuring","potentialAction":[{"@type":"SearchAction","target":{"@type":"EntryPoint","urlTemplate":"https:\/\/www.i-bloks.com\/?s={search_term_string}"},"query-input":{"@type":"PropertyValueSpecification","valueRequired":true,"valueName":"search_term_string"}}],"inLanguage":"de"}]}},"_links":{"self":[{"href":"https:\/\/www.i-bloks.com\/de\/wp-json\/wp\/v2\/pages\/992","targetHints":{"allow":["GET"]}}],"collection":[{"href":"https:\/\/www.i-bloks.com\/de\/wp-json\/wp\/v2\/pages"}],"about":[{"href":"https:\/\/www.i-bloks.com\/de\/wp-json\/wp\/v2\/types\/page"}],"author":[{"embeddable":true,"href":"https:\/\/www.i-bloks.com\/de\/wp-json\/wp\/v2\/users\/2"}],"replies":[{"embeddable":true,"href":"https:\/\/www.i-bloks.com\/de\/wp-json\/wp\/v2\/comments?post=992"}],"version-history":[{"count":1,"href":"https:\/\/www.i-bloks.com\/de\/wp-json\/wp\/v2\/pages\/992\/revisions"}],"predecessor-version":[{"id":993,"href":"https:\/\/www.i-bloks.com\/de\/wp-json\/wp\/v2\/pages\/992\/revisions\/993"}],"wp:attachment":[{"href":"https:\/\/www.i-bloks.com\/de\/wp-json\/wp\/v2\/media?parent=992"}],"curies":[{"name":"wp","href":"https:\/\/api.w.org\/{rel}","templated":true}]}}